{"id":25913,"date":"2023-09-29T19:54:58","date_gmt":"2023-09-29T18:54:58","guid":{"rendered":"https:\/\/tilintarkastusvartia.fi\/?page_id=25913"},"modified":"2023-09-29T20:47:21","modified_gmt":"2023-09-29T19:47:21","slug":"tietosuojaseloste","status":"publish","type":"page","link":"https:\/\/tilintarkastusvartia.fi\/en\/tietosuojaseloste\/","title":{"rendered":"Privacy Policy"},"content":{"rendered":"<div data-elementor-type=\"wp-page\" data-elementor-id=\"25913\" class=\"elementor elementor-25913\">\n\t\t\t\t\t\t<section class=\"elementor-section elementor-top-section elementor-element elementor-element-4768bae elementor-section-boxed elementor-section-height-default elementor-section-height-default\" data-id=\"4768bae\" data-element_type=\"section\">\n\t\t\t\t\t\t\t<div class=\"elementor-background-overlay\"><\/div>\n\t\t\t\t\t\t\t<div class=\"elementor-container elementor-column-gap-default\">\n\t\t\t\t\t<div class=\"elementor-column elementor-col-100 elementor-top-column elementor-element elementor-element-2428b24\" data-id=\"2428b24\" data-element_type=\"column\" data-settings=\"{&quot;background_background&quot;:&quot;classic&quot;}\">\n\t\t\t<div class=\"elementor-widget-wrap elementor-element-populated\">\n\t\t\t\t\t\t<div class=\"elementor-element elementor-element-daceeb7 elementor-widget elementor-widget-heading\" data-id=\"daceeb7\" data-element_type=\"widget\" data-widget_type=\"heading.default\">\n\t\t\t\t<div class=\"elementor-widget-container\">\n\t\t\t\t\t<h2 class=\"elementor-heading-title elementor-size-default\">Privacy Policy\n<\/h2>\t\t\t\t<\/div>\n\t\t\t\t<\/div>\n\t\t\t\t<div class=\"elementor-element elementor-element-9192588 elementor-widget elementor-widget-text-editor\" data-id=\"9192588\" data-element_type=\"widget\" data-widget_type=\"text-editor.default\">\n\t\t\t\t<div class=\"elementor-widget-container\">\n\t\t\t\t\t\t\t\t\t<p>Your data protection is important to us. This Privacy Statement contains information about who processes your personal data, why and how. Below you will also find more detailed descriptions of what information we may collect and process about you.<\/p>\t\t\t\t\t\t\t\t<\/div>\n\t\t\t\t<\/div>\n\t\t\t\t<div class=\"elementor-element elementor-element-533a9a1 elementor-widget elementor-widget-heading\" data-id=\"533a9a1\" data-element_type=\"widget\" data-widget_type=\"heading.default\">\n\t\t\t\t<div class=\"elementor-widget-container\">\n\t\t\t\t\t<h3 class=\"elementor-heading-title elementor-size-default\">Registrar<\/h3>\t\t\t\t<\/div>\n\t\t\t\t<\/div>\n\t\t\t\t<div class=\"elementor-element elementor-element-ce4e8fc elementor-widget elementor-widget-text-editor\" data-id=\"ce4e8fc\" data-element_type=\"widget\" data-widget_type=\"text-editor.default\">\n\t\t\t\t<div class=\"elementor-widget-container\">\n\t\t\t\t\t\t\t\t\t<p>Tilintarkastus Vartia Oy (\"Tilintarkastus Vartia\", \"we\")<\/p>\n<p>Social security number: 3383322-8<\/p>\n<p>Address: Lemp\u00e4\u00e4l\u00e4ntie 39, 37630 Valkeakoski<\/p>\n<p>If you have any questions about data protection issues, you can contact the above address.<\/p>\t\t\t\t\t\t\t\t<\/div>\n\t\t\t\t<\/div>\n\t\t\t\t<div class=\"elementor-element elementor-element-f46e266 elementor-widget elementor-widget-heading\" data-id=\"f46e266\" data-element_type=\"widget\" data-widget_type=\"heading.default\">\n\t\t\t\t<div class=\"elementor-widget-container\">\n\t\t\t\t\t<h3 class=\"elementor-heading-title elementor-size-default\">Purposes and grounds of personal data processing\n\n<\/h3>\t\t\t\t<\/div>\n\t\t\t\t<\/div>\n\t\t\t\t<div class=\"elementor-element elementor-element-5e0df67 elementor-widget elementor-widget-text-editor\" data-id=\"5e0df67\" data-element_type=\"widget\" data-widget_type=\"text-editor.default\">\n\t\t\t\t<div class=\"elementor-widget-container\">\n\t\t\t\t\t\t\t\t\t<p>We process personal data for the implementation of auditing and expert services. In connection with them, we process personal data related to the care and marketing of our customers.<\/p>\n<p>The legal basis for processing your personal data may be:<\/p>\n<ul>\n<li>For our legitimate interest based on the customer relationship created with the company.<\/li>\n<li>Your contractual relationship with Tilintarkastus Vartia Oy.<\/li>\n<li>To fulfill our statutory obligations related to the audit.<\/li>\n<li>In other situations, we ask for consent on a case-by-case basis.<\/li>\n<\/ul>\n<p>We obtain important information for the personal register from the following sources:<\/p>\n<ul>\n<li>From those registered, i.e. from you yourself.<\/li>\n<li>From a company representative.<\/li>\n<li>From the companies' own websites.<\/li>\n<li>From the trade register.<\/li>\n<li>From Asiakastieto and other similar private parties providing customer information.<\/li>\n<\/ul>\t\t\t\t\t\t\t\t<\/div>\n\t\t\t\t<\/div>\n\t\t\t\t<div class=\"elementor-element elementor-element-3d708b2 elementor-widget elementor-widget-heading\" data-id=\"3d708b2\" data-element_type=\"widget\" data-widget_type=\"heading.default\">\n\t\t\t\t<div class=\"elementor-widget-container\">\n\t\t\t\t\t<h3 class=\"elementor-heading-title elementor-size-default\">Personal data to be processed\n\n<\/h3>\t\t\t\t<\/div>\n\t\t\t\t<\/div>\n\t\t\t\t<div class=\"elementor-element elementor-element-856a13c elementor-widget elementor-widget-text-editor\" data-id=\"856a13c\" data-element_type=\"widget\" data-widget_type=\"text-editor.default\">\n\t\t\t\t<div class=\"elementor-widget-container\">\n\t\t\t\t\t\t\t\t\t<p>We only collect personal data from registered users that is essential and necessary for the purposes described in this privacy statement. We process personal data of employees of customer companies and potential customer companies.<\/p>\n<p>As a registered user, the following information can be processed about you:<\/p>\n<ul>\n<li>Basic information such as name, the name of the company you represent and the position.<\/li>\n<li>Contact information such as phone number and email address.<\/li>\n<li>Documentation made in customer meetings.<\/li>\n<li>Information for marketing and sales.<\/li>\n<li>Position in the company, marketing measures aimed at the company or you and marketing-related consents as well as prohibitions and restrictions.<\/li>\n<\/ul>\t\t\t\t\t\t\t\t<\/div>\n\t\t\t\t<\/div>\n\t\t\t\t<div class=\"elementor-element elementor-element-bec4240 elementor-widget elementor-widget-heading\" data-id=\"bec4240\" data-element_type=\"widget\" data-widget_type=\"heading.default\">\n\t\t\t\t<div class=\"elementor-widget-container\">\n\t\t\t\t\t<h3 class=\"elementor-heading-title elementor-size-default\">Use of cookies on the website<\/h3>\t\t\t\t<\/div>\n\t\t\t\t<\/div>\n\t\t\t\t<div class=\"elementor-element elementor-element-b2cd1f1 elementor-widget elementor-widget-text-editor\" data-id=\"b2cd1f1\" data-element_type=\"widget\" data-widget_type=\"text-editor.default\">\n\t\t\t\t<div class=\"elementor-widget-container\">\n\t\t\t\t\t\t\t\t\t<p>We only use technically necessary cookies on the website. Cookies are files necessary for the website to function, which are deleted when the visit to the website has ended.<\/p>\n<p>Our online services use third-party community plugins. Community plugin sites can set cookies from their own services and according to their own principles. The social plugins we use are Facebook, Instagram.<\/p>\t\t\t\t\t\t\t\t<\/div>\n\t\t\t\t<\/div>\n\t\t\t\t<div class=\"elementor-element elementor-element-787ec6e elementor-widget elementor-widget-heading\" data-id=\"787ec6e\" data-element_type=\"widget\" data-widget_type=\"heading.default\">\n\t\t\t\t<div class=\"elementor-widget-container\">\n\t\t\t\t\t<h3 class=\"elementor-heading-title elementor-size-default\">Disclosure of personal data\n\n<\/h3>\t\t\t\t<\/div>\n\t\t\t\t<\/div>\n\t\t\t\t<div class=\"elementor-element elementor-element-3de345e elementor-widget elementor-widget-text-editor\" data-id=\"3de345e\" data-element_type=\"widget\" data-widget_type=\"text-editor.default\">\n\t\t\t\t<div class=\"elementor-widget-container\">\n\t\t\t\t\t\t\t\t\t<p>We do not have regular transfers of personal data.<\/p>\n<p>We can exceptionally hand over information to the authority as required by law.<\/p>\n<p>Transfers of personal data to third countries.<\/p>\n<p>As a rule, we do not transfer personal data outside the EU and the European Economic Area.<\/p>\t\t\t\t\t\t\t\t<\/div>\n\t\t\t\t<\/div>\n\t\t\t\t<div class=\"elementor-element elementor-element-423a7a0 elementor-widget elementor-widget-heading\" data-id=\"423a7a0\" data-element_type=\"widget\" data-widget_type=\"heading.default\">\n\t\t\t\t<div class=\"elementor-widget-container\">\n\t\t\t\t\t<h3 class=\"elementor-heading-title elementor-size-default\">Data retention period\n\n<\/h3>\t\t\t\t<\/div>\n\t\t\t\t<\/div>\n\t\t\t\t<div class=\"elementor-element elementor-element-20372ab elementor-widget elementor-widget-text-editor\" data-id=\"20372ab\" data-element_type=\"widget\" data-widget_type=\"text-editor.default\">\n\t\t\t\t<div class=\"elementor-widget-container\">\n\t\t\t\t\t\t\t\t\t<p>We keep personal data related to the provision of the service for a maximum of 10 years after the provision of the service.<\/p>\n<p>If necessary, we may retain the obligation to process some personal data included in the register for longer than stated above.<\/p>\n<p>We store personal data related to marketing for 2 years.<\/p>\t\t\t\t\t\t\t\t<\/div>\n\t\t\t\t<\/div>\n\t\t\t\t<div class=\"elementor-element elementor-element-66739a0 elementor-widget elementor-widget-heading\" data-id=\"66739a0\" data-element_type=\"widget\" data-widget_type=\"heading.default\">\n\t\t\t\t<div class=\"elementor-widget-container\">\n\t\t\t\t\t<h3 class=\"elementor-heading-title elementor-size-default\">Rights of the registrant\n\n<\/h3>\t\t\t\t<\/div>\n\t\t\t\t<\/div>\n\t\t\t\t<div class=\"elementor-element elementor-element-345692e elementor-widget elementor-widget-text-editor\" data-id=\"345692e\" data-element_type=\"widget\" data-widget_type=\"text-editor.default\">\n\t\t\t\t<div class=\"elementor-widget-container\">\n\t\t\t\t\t\t\t\t\t<p><i><b>Oikeus saada p\u00e4\u00e4sy henkil\u00f6tietoihin<\/b><\/i><\/p>\n<p>As a registered user, you have the right to receive confirmation of whether your personal data is being processed, and if processed, the right to receive a copy of your personal data.<\/p>\n<p><i><b>Oikeus peruuttaa suostumus ja kielt\u00e4\u00e4 markkinointi<\/b><\/i><\/p>\n<p>You can withdraw your consents to electronic marketing and other purposes. You can also deny the use of your data for marketing.<\/p>\n<p><i><b>Right to rectification of data<\/b><\/i><\/p>\n<p>You have the right to request that we correct inaccurate and incorrect personal data about you.<\/p>\n<p><b><i>The right to delete data<\/i><\/b><\/p>\n<ul>\n<li>You have the right to request the deletion of personal data about you; if<\/li>\n<li>Your personal data is no longer needed for the purposes for which it was collected;<\/li>\n<li>You withdraw the consent on which the processing of your personal data was based, and there is no other legal basis for the processing; or<\/li>\n<li>Your personal data has been processed illegally.<\/li>\n<\/ul>\n<p><i><b>The right to restrict processing<\/b><\/i><\/p>\n<ul>\n<li>You have the right to restrict the processing of your personal data, if<\/li>\n<li>You dispute the accuracy of your personal data;<\/li>\n<li>Our processing is illegal, and you object to the deletion of your personal data and instead demand the restriction of its use; or<\/li>\n<li>We no longer need your personal data for the original purposes of the processing, but you need it to prepare, present or defend a legal claim.<\/li>\n<\/ul>\n<p><em><strong>Right to object<\/strong><\/em><\/p>\n<p>You have the right to object to the processing of your personal data at any time on grounds related to your personal, special situation. We may no longer process your personal data, unless we can demonstrate that there is a significantly important and justified reason for the processing that overrides your interests, rights and freedoms, or if it is necessary for the establishment, presentation or defense of a legal claim.<\/p>\n<p><em><strong>The right to file a complaint with the supervisory authority<\/strong><\/em><\/p>\n<p>You have the right to submit your case to the supervisory authority if you believe that the processing of your personal data violates the relevant legislation. You can read more on the website of the data protection officer at data protection.fi.<\/p>\n<p><\/p>\t\t\t\t\t\t\t\t<\/div>\n\t\t\t\t<\/div>\n\t\t\t\t\t<\/div>\n\t\t<\/div>\n\t\t\t\t\t<\/div>\n\t\t<\/section>\n\t\t\t\t<\/div>","protected":false},"excerpt":{"rendered":"<p>Tietosuojaseloste Tietosuojasi toteutuminen on meille t\u00e4rke\u00e4\u00e4. T\u00e4m\u00e4 tietosuojaseloste sis\u00e4lt\u00e4\u00e4 tiedot siit\u00e4, kuka henkil\u00f6tietojasi k\u00e4sittelee, miksi ja miten. L\u00f6yd\u00e4t alta my\u00f6s tarkemmat kuvaukset siit\u00e4, mit\u00e4 tietoja saatamme sinusta ker\u00e4t\u00e4 ja k\u00e4sitell\u00e4. Rekisterinpit\u00e4j\u00e4 Tilintarkastus Vartia Oy (\u201dTilintarkastus Vartia\u201d, \u201dme\u201d) Y-tunnus: 3383322-8 Osoite: Lemp\u00e4\u00e4l\u00e4ntie 39, 37630 Valkeakoski Jos sinulla on kysytt\u00e4v\u00e4\u00e4 tietosuoja-asioista, voit olla yhteydess\u00e4 yll\u00e4 olevaan osoitteeseen. [&hellip;]<\/p>","protected":false},"author":1,"featured_media":0,"parent":0,"menu_order":0,"comment_status":"closed","ping_status":"closed","template":"","meta":{"site-sidebar-layout":"no-sidebar","site-content-layout":"page-builder","ast-site-content-layout":"full-width-container","site-content-style":"default","site-sidebar-style":"default","ast-global-header-display":"","ast-banner-title-visibility":"","ast-main-header-display":"","ast-hfb-above-header-display":"","ast-hfb-below-header-display":"","ast-hfb-mobile-header-display":"","site-post-title":"disabled","ast-breadcrumbs-content":"","ast-featured-img":"disabled","footer-sml-layout":"","ast-disable-related-posts":"","theme-transparent-header-meta":"","adv-header-id-meta":"","stick-header-meta":"","header-above-stick-meta":"","header-main-stick-meta":"","header-below-stick-meta":"","astra-migrate-meta-layouts":"set","ast-page-background-enabled":"default","ast-page-background-meta":{"desktop":{"background-color":"","background-image":"","background-repeat":"repeat","background-position":"center center","background-size":"auto","background-attachment":"scroll","background-type":"","background-media":"","overlay-type":"","overlay-color":"","overlay-opacity":"","overlay-gradient":""},"tablet":{"background-color":"","background-image":"","background-repeat":"repeat","background-position":"center center","background-size":"auto","background-attachment":"scroll","background-type":"","background-media":"","overlay-type":"","overlay-color":"","overlay-opacity":"","overlay-gradient":""},"mobile":{"background-color":"","background-image":"","background-repeat":"repeat","background-position":"center center","background-size":"auto","background-attachment":"scroll","background-type":"","background-media":"","overlay-type":"","overlay-color":"","overlay-opacity":"","overlay-gradient":""}},"ast-content-background-meta":{"desktop":{"background-color":"var(--ast-global-color-5)","background-image":"","background-repeat":"repeat","background-position":"center center","background-size":"auto","background-attachment":"scroll","background-type":"","background-media":"","overlay-type":"","overlay-color":"","overlay-opacity":"","overlay-gradient":""},"tablet":{"background-color":"var(--ast-global-color-5)","background-image":"","background-repeat":"repeat","background-position":"center center","background-size":"auto","background-attachment":"scroll","background-type":"","background-media":"","overlay-type":"","overlay-color":"","overlay-opacity":"","overlay-gradient":""},"mobile":{"background-color":"var(--ast-global-color-5)","background-image":"","background-repeat":"repeat","background-position":"center center","background-size":"auto","background-attachment":"scroll","background-type":"","background-media":"","overlay-type":"","overlay-color":"","overlay-opacity":"","overlay-gradient":""}},"footnotes":""},"class_list":["post-25913","page","type-page","status-publish","hentry"],"_links":{"self":[{"href":"https:\/\/tilintarkastusvartia.fi\/en\/wp-json\/wp\/v2\/pages\/25913","targetHints":{"allow":["GET"]}}],"collection":[{"href":"https:\/\/tilintarkastusvartia.fi\/en\/wp-json\/wp\/v2\/pages"}],"about":[{"href":"https:\/\/tilintarkastusvartia.fi\/en\/wp-json\/wp\/v2\/types\/page"}],"author":[{"embeddable":true,"href":"https:\/\/tilintarkastusvartia.fi\/en\/wp-json\/wp\/v2\/users\/1"}],"replies":[{"embeddable":true,"href":"https:\/\/tilintarkastusvartia.fi\/en\/wp-json\/wp\/v2\/comments?post=25913"}],"version-history":[{"count":56,"href":"https:\/\/tilintarkastusvartia.fi\/en\/wp-json\/wp\/v2\/pages\/25913\/revisions"}],"predecessor-version":[{"id":26018,"href":"https:\/\/tilintarkastusvartia.fi\/en\/wp-json\/wp\/v2\/pages\/25913\/revisions\/26018"}],"wp:attachment":[{"href":"https:\/\/tilintarkastusvartia.fi\/en\/wp-json\/wp\/v2\/media?parent=25913"}],"curies":[{"name":"wp","href":"https:\/\/api.w.org\/{rel}","templated":true}]}}